{"id":42,"date":"2017-06-06T02:19:17","date_gmt":"2017-06-06T02:19:17","guid":{"rendered":"https:\/\/usinagecam.com\/?page_id=42"},"modified":"2017-06-06T02:20:05","modified_gmt":"2017-06-06T02:20:05","slug":"qui-somme-nous","status":"publish","type":"page","link":"https:\/\/usinagecam.com\/","title":{"rendered":"Qui somme nous?"},"content":{"rendered":"<p>Usinage CAM \u00e0 \u00e9t\u00e9 fond\u00e9 en 1997 par Yvon, Sylvain et Claude. En \u0153uvrant dans le domaine de l&rsquo;usinage les partenaires on cr\u00e9\u00e9 une entreprise fleurissent et qui satisferont les demandes des clients les plus exigeants<\/p>\n","protected":false},"excerpt":{"rendered":"<p>Usinage CAM \u00e0 \u00e9t\u00e9 fond\u00e9 en 1997 par Yvon, Sylvain et Claude. En \u0153uvrant dans le domaine de l&rsquo;usinage les partenaires on cr\u00e9\u00e9 une entreprise fleurissent et qui satisferont les demandes des clients les plus exigeants<\/p>\n","protected":false},"author":1,"featured_media":0,"parent":0,"menu_order":0,"comment_status":"closed","ping_status":"closed","template":"","meta":{"footnotes":""},"class_list":["post-42","page","type-page","status-publish","hentry"],"_links":{"self":[{"href":"https:\/\/usinagecam.com\/index.php?rest_route=\/wp\/v2\/pages\/42","targetHints":{"allow":["GET"]}}],"collection":[{"href":"https:\/\/usinagecam.com\/index.php?rest_route=\/wp\/v2\/pages"}],"about":[{"href":"https:\/\/usinagecam.com\/index.php?rest_route=\/wp\/v2\/types\/page"}],"author":[{"embeddable":true,"href":"https:\/\/usinagecam.com\/index.php?rest_route=\/wp\/v2\/users\/1"}],"replies":[{"embeddable":true,"href":"https:\/\/usinagecam.com\/index.php?rest_route=%2Fwp%2Fv2%2Fcomments&post=42"}],"version-history":[{"count":2,"href":"https:\/\/usinagecam.com\/index.php?rest_route=\/wp\/v2\/pages\/42\/revisions"}],"predecessor-version":[{"id":45,"href":"https:\/\/usinagecam.com\/index.php?rest_route=\/wp\/v2\/pages\/42\/revisions\/45"}],"wp:attachment":[{"href":"https:\/\/usinagecam.com\/index.php?rest_route=%2Fwp%2Fv2%2Fmedia&parent=42"}],"curies":[{"name":"wp","href":"https:\/\/api.w.org\/{rel}","templated":true}]}}